{"id":14352,"date":"2022-09-27T08:18:11","date_gmt":"2022-09-27T08:18:11","guid":{"rendered":"http:\/\/www.kilometrodelarte.org\/prototipado-2\/"},"modified":"2024-02-29T14:47:14","modified_gmt":"2024-02-29T14:47:14","slug":"rural-experimenta-ii","status":"publish","type":"page","link":"https:\/\/www.kilometrodelarte.org\/en\/rural-experimenta-ii\/","title":{"rendered":"Rural Experimenta II"},"content":{"rendered":"[spb_video link=&#8221;https:\/\/youtu.be\/JNAUTFP3Nok&#8221; full_width=&#8221;no&#8221; width=&#8221;2\/3&#8243; el_position=&#8221;first&#8221;] [spb_text_block title=&#8221;1 KIL\u00d3METRO DE ARTE&#8221; pb_margin_bottom=&#8221;no&#8221; pb_border_bottom=&#8221;no&#8221; width=&#8221;1\/3&#8243; el_position=&#8221;last&#8221;]\n<p>1 KIL\u00d3METRO DE ARTE quiere abrirse a la sociedad y, por ello, present\u00f3 en el mes de abril de 2020 su candidatura a la Convocatoria de Proyectos de Innovaci\u00f3n Ciudadana y Rural, integrada en el laboratorio ciudadano Rural Experimenta y enmarcada dentro del Programa Cultura y Ciudadan\u00eda del Ministerio de Cultura y Deporte. Este programa del ministerio, viene trabajando desde hace a\u00f1os en torno a la cultura y el medio rural.<\/p>\n<p>En el mes de junio lleg\u00f3 la comunicaci\u00f3n oficial que seleccionaba la propuesta como uno de los seis proyectos a desarrollar en toda Espa\u00f1a. Durante el mes de septiembre de 2020, se desarroll\u00f3 en el Valle de Campoo (Cantabria), un taller participativo en el que se acabaron de perfilar las actuaciones a realizar y se redact\u00f3 la Memoria de Prototipado, documento que define las caracter\u00edsticas que deben cumplir los futuros proyectos a prototipar.<\/p>\n<p><a href=\"https:\/\/culturayciudadania.cultura.gob.es\/cultura-medio-rural\/rural-experimenta-2.html\">Rural Experimenta II<\/a><\/p>\n[\/spb_text_block] [spb_icon_box title=&#8221;Memoria Prototipado 1 Kil\u00f3metro de Arte&#8221; box_type=&#8221;standard&#8221; image=&#8221;ss-pdf&#8221; color=&#8221;standard&#8221; link=&#8221;http:\/\/www.kilometrodelarte.org\/wp-content\/uploads\/2021\/05\/memoria_prototipado_1_kilometro_de_arte.pdf&#8221; target=&#8221;_blank&#8221; animation=&#8221;none&#8221; animation_delay=&#8221;0&#8243; width=&#8221;1\/3&#8243; el_position=&#8221;first&#8221;]\n<p>Descargar la memoria en PDF<\/p>\n[\/spb_icon_box] [spb_icon_box title=&#8221;Art\u00edculo Revista La Ortiga 132. Enero 2021&#8243; box_type=&#8221;standard&#8221; image=&#8221;ss-pdf&#8221; color=&#8221;standard&#8221; link=&#8221;http:\/\/www.kilometrodelarte.org\/wp-content\/uploads\/2021\/05\/articulo_revista_la_ortiga_132.pdf&#8221; target=&#8221;_blank&#8221; animation=&#8221;none&#8221; animation_delay=&#8221;0&#8243; width=&#8221;1\/3&#8243; el_position=&#8221;last&#8221;]\n<p>Descargar art\u00edculo de la revista La Ortiga 132. Enero 2021<\/p>\n[\/spb_icon_box]\n","protected":false},"excerpt":{"rendered":"<p>[spb_video link=&#8221;https:\/\/youtu.be\/JNAUTFP3Nok&#8221; full_width=&#8221;no&#8221; width=&#8221;2\/3&#8243; el_position=&#8221;first&#8221;] [spb_text_block title=&#8221;1 KIL\u00d3METRO DE ARTE&#8221; pb_margin_bottom=&#8221;no&#8221; pb_border_bottom=&#8221;no&#8221; width=&#8221;1\/3&#8243; el_position=&#8221;last&#8221;] 1 KIL\u00d3METRO DE ARTE quiere abrirse a la sociedad y, por ello, present\u00f3 en el mes de abril de 2020 su candidatura a la Convocatoria de Proyectos de Innovaci\u00f3n Ciudadana y Rural, integrada en el laboratorio ciudadano Rural Experimenta y enmarcada dentro del Programa Cultura y [&hellip;]<\/p>\n","protected":false},"author":1,"featured_media":0,"parent":0,"menu_order":0,"comment_status":"closed","ping_status":"closed","template":"","meta":{"_mi_skip_tracking":false,"_exactmetrics_sitenote_active":false,"_exactmetrics_sitenote_note":"","_exactmetrics_sitenote_category":0},"_links":{"self":[{"href":"https:\/\/www.kilometrodelarte.org\/en\/wp-json\/wp\/v2\/pages\/14352"}],"collection":[{"href":"https:\/\/www.kilometrodelarte.org\/en\/wp-json\/wp\/v2\/pages"}],"about":[{"href":"https:\/\/www.kilometrodelarte.org\/en\/wp-json\/wp\/v2\/types\/page"}],"author":[{"embeddable":true,"href":"https:\/\/www.kilometrodelarte.org\/en\/wp-json\/wp\/v2\/users\/1"}],"replies":[{"embeddable":true,"href":"https:\/\/www.kilometrodelarte.org\/en\/wp-json\/wp\/v2\/comments?post=14352"}],"version-history":[{"count":6,"href":"https:\/\/www.kilometrodelarte.org\/en\/wp-json\/wp\/v2\/pages\/14352\/revisions"}],"predecessor-version":[{"id":15879,"href":"https:\/\/www.kilometrodelarte.org\/en\/wp-json\/wp\/v2\/pages\/14352\/revisions\/15879"}],"wp:attachment":[{"href":"https:\/\/www.kilometrodelarte.org\/en\/wp-json\/wp\/v2\/media?parent=14352"}],"curies":[{"name":"wp","href":"https:\/\/api.w.org\/{rel}","templated":true}]}}