{"id":12571,"date":"2013-03-09T05:01:39","date_gmt":"2013-03-09T05:01:39","guid":{"rendered":"http:\/\/www.kilometrodelarte.org\/home-2\/"},"modified":"2026-02-09T08:32:44","modified_gmt":"2026-02-09T08:32:44","slug":"home","status":"publish","type":"page","link":"https:\/\/www.kilometrodelarte.org\/en\/","title":{"rendered":"01 Inicio buena"},"content":{"rendered":"[spb_single_image image=&#8221;16259&#8243; image_size=&#8221;full&#8221; frame=&#8221;noframe&#8221; intro_animation=&#8221;none&#8221; full_width=&#8221;no&#8221; lightbox=&#8221;yes&#8221; image_link=&#8221;https:\/\/www.kilometrodelarte.org\/concurso-de-ideas-1-km-de-arte-2026-ventosa-la-rioja\/&#8221; link_target=&#8221;_blank&#8221; width=&#8221;1\/1&#8243; el_position=&#8221;first last&#8221;] [blank_spacer height=&#8221;86px&#8221; el_class=&#8221;visible-lg&#8221; width=&#8221;1\/1&#8243; el_position=&#8221;first last&#8221;] [spb_text_block pb_margin_bottom=&#8221;no&#8221; pb_border_bottom=&#8221;no&#8221; width=&#8221;1\/1&#8243; el_position=&#8221;first last&#8221;]\n<a class=\"mwm-aal-item\" name=\"8211-1-kilometro-de-arte-8211\"><\/a><h1 style=\"text-align: center;\">&#8211; 1 Kil\u00f3metro de Arte &#8211;<\/h1>\n<a class=\"mwm-aal-item\" name=\"es-sentir-aprender-participar-descubrir-experimentar\"><\/a><h2 style=\"text-align: center;\">es sentir, aprender, participar, descubrir, experimentar\u2026<\/h2>\n<a class=\"mwm-aal-item\" name=\"es-la-oportunidad-de-vivir-el-arte-a-traves-de-la-participacion-en-la-creacion-artistica-ya-seas-residente-en-ventosa-o-en-cualquier-otro-lugar-artista-o-caminante-hacia-santiago\"><\/a><h3 style=\"text-align: center;\"><span style=\"color: #666666;\">Es la oportunidad de vivir el arte a trav\u00e9s de la participaci\u00f3n en la creaci\u00f3n art\u00edstica,<\/span><br \/>\n<span style=\"color: #666666;\"> ya seas residente en Ventosa o en cualquier otro lugar, artista o caminante hacia Santiago.<\/span><\/h3>\n[\/spb_text_block] [blank_spacer height=&#8221;86px&#8221; el_class=&#8221;visible-lg&#8221; width=&#8221;1\/1&#8243; el_position=&#8221;first last&#8221;] [spb_single_image image=&#8221;13984&#8243; image_size=&#8221;full&#8221; frame=&#8221;noframe&#8221; intro_animation=&#8221;none&#8221; full_width=&#8221;no&#8221; lightbox=&#8221;no&#8221; link_target=&#8221;_self&#8221; width=&#8221;1\/1&#8243; el_position=&#8221;first last&#8221;] [spb_row row_bg_type=&#8221;image&#8221; parallax_image_height=&#8221;content-height&#8221; parallax_image_movement=&#8221;fixed&#8221; parallax_image_speed=&#8221;0.5&#8243; parallax_video_height=&#8221;window-height&#8221; parallax_video_overlay=&#8221;none&#8221; row_overlay_opacity=&#8221;0&#8243; width=&#8221;1\/1&#8243; el_position=&#8221;first last&#8221;] [spb_column width=&#8221;1\/3&#8243; el_position=&#8221;first&#8221;] [\/spb_column] [spb_column width=&#8221;1\/3&#8243;] [\/spb_column] [spb_column width=&#8221;1\/3&#8243; el_position=&#8221;last&#8221;] [\/spb_column] [\/spb_row]\n","protected":false},"excerpt":{"rendered":"<p>[spb_single_image image=&#8221;16259&#8243; image_size=&#8221;full&#8221; frame=&#8221;noframe&#8221; intro_animation=&#8221;none&#8221; full_width=&#8221;no&#8221; lightbox=&#8221;yes&#8221; image_link=&#8221;https:\/\/www.kilometrodelarte.org\/concurso-de-ideas-1-km-de-arte-2026-ventosa-la-rioja\/&#8221; link_target=&#8221;_blank&#8221; width=&#8221;1\/1&#8243; el_position=&#8221;first last&#8221;] [blank_spacer height=&#8221;86px&#8221; el_class=&#8221;visible-lg&#8221; width=&#8221;1\/1&#8243; el_position=&#8221;first last&#8221;] [spb_text_block pb_margin_bottom=&#8221;no&#8221; pb_border_bottom=&#8221;no&#8221; width=&#8221;1\/1&#8243; el_position=&#8221;first last&#8221;] &#8211; 1 Kil\u00f3metro de Arte &#8211; es sentir, aprender, participar, descubrir, experimentar\u2026 Es la oportunidad de vivir el arte a trav\u00e9s de la participaci\u00f3n en la creaci\u00f3n art\u00edstica, ya seas residente en Ventosa o en cualquier [&hellip;]<\/p>\n","protected":false},"author":1,"featured_media":0,"parent":0,"menu_order":0,"comment_status":"closed","ping_status":"closed","template":"","meta":{"_mi_skip_tracking":false,"_exactmetrics_sitenote_active":false,"_exactmetrics_sitenote_note":"","_exactmetrics_sitenote_category":0},"_links":{"self":[{"href":"https:\/\/www.kilometrodelarte.org\/en\/wp-json\/wp\/v2\/pages\/12571"}],"collection":[{"href":"https:\/\/www.kilometrodelarte.org\/en\/wp-json\/wp\/v2\/pages"}],"about":[{"href":"https:\/\/www.kilometrodelarte.org\/en\/wp-json\/wp\/v2\/types\/page"}],"author":[{"embeddable":true,"href":"https:\/\/www.kilometrodelarte.org\/en\/wp-json\/wp\/v2\/users\/1"}],"replies":[{"embeddable":true,"href":"https:\/\/www.kilometrodelarte.org\/en\/wp-json\/wp\/v2\/comments?post=12571"}],"version-history":[{"count":24,"href":"https:\/\/www.kilometrodelarte.org\/en\/wp-json\/wp\/v2\/pages\/12571\/revisions"}],"predecessor-version":[{"id":16266,"href":"https:\/\/www.kilometrodelarte.org\/en\/wp-json\/wp\/v2\/pages\/12571\/revisions\/16266"}],"wp:attachment":[{"href":"https:\/\/www.kilometrodelarte.org\/en\/wp-json\/wp\/v2\/media?parent=12571"}],"curies":[{"name":"wp","href":"https:\/\/api.w.org\/{rel}","templated":true}]}}